{"id":1774,"date":"2020-06-10T14:12:25","date_gmt":"2020-06-10T18:12:25","guid":{"rendered":"https:\/\/suttonjazz.com\/about\/"},"modified":"2024-04-25T12:46:15","modified_gmt":"2024-04-25T16:46:15","slug":"about","status":"publish","type":"page","link":"https:\/\/suttonjazz.com\/en\/about\/","title":{"rendered":"About"},"content":{"rendered":"\n<h1>\n\t\tSutton Jazz Festival\n\t<\/h1>\n<h2>\n\t\tPresident&#8217;s Word \n\t<\/h2>\n\t<p>Founded by a group of jazz\u00a0enthusiasts in 2001, the Sutton Jazz Festival has welcomed, for 22 years, great names in jazz: Ranee Lee, Karen Young, Dawn Tyler Watson, Sonia Johnson, Jean-Michel Pilc, Jean Vanasse, Sylvain Provost, Alex Bellegarde, Michel Donato as well as supporting our outstanding local jazz musicians.<\/p>\n<p>Since its inception, the event has attracted many loyal visitors and even more so since the year 2020, when\u00a0the COVID-19\u00a0pandemic\u00a0forced the implementation of a new formula :\u00a0we began to\u00a0present\u00a0many of our events outside and offered them free\u00a0to the public. Since the concerts became free, our visitor participation almost\u00a0tripled\u00a0and\u00a0our\u00a0visitors\u00a0are now\u00a0able to\u00a0enjoy great jazz in the open air in the beautiful village of Sutton.<\/p>\n<p>The Festival has built a solid reputation and has become a flagship event in the Eastern Townships.\u00a0Different initiatives of the organization have grown over time and have given new colors to the Festival\u00a0i.e. free jazz workshops and educational programs specifically for our youth.\u00a0Also, in 2022, the\u00a0Emerging Talent Contest\u00a0allowed young jazz music students from our Universities and Colleges to participate in a competition. The\u00a0winning band is then able\u00a0to\u00a0present a performance as\u00a0part of the following year&#8217;s seasonal programming. This is a great opportunity to encourage many young jazz talents and to attract younger people to our concerts. Throughout this long organizational journey, the Festival remains a great jazz music festival, which can boast of having achieved a tour de force in presenting large-scale jazz outside of major venues for over 22 years now.<\/p>\n<p>But all this success is due first and foremost to the visitors who come and return year after year to applaud the musicians and offer generous donations contributing to an even more diversified and high caliber program.<\/p>\n<p>Very sincerely,\u00a0THANK YOU to all of you.<\/p>\n<p>Daniel Dufresne, President of Sutton Jazz<\/p>\n<h2>\n\t\tOur mission\n\t<\/h2>\n\t<p>The Sutton Jazz Festival (SJF) is a non-profit organization whose mission is to promote jazz in Qu\u00e9bec and more particulary in the Sutton region.<\/p>\n<p>Since 2001, SJF has worked to bring jazz to life in the community and thereby contribute to the development of the next qu\u00e9b\u00e9cois jazz generation.<\/p>\n<h2>\n\t\tHistory\n\t<\/h2>\n\t<p>The Sutton Jazz Festival was born in 2001 thanks to the efforts of Stanley Lake and Vicki Tansey. Stanley Lake went on to become the festival&#8217;s artistic director and main organizer. For the first three years, the festival presented four or five concerts in winter. The basic idea was to give excellent local musicians the chance to perform, and to develop a jazz audience in Sutton. Given the interest shown by the public, the experiment was repeated in subsequent years.<\/p>\n<p>Then, in 2005, the Salle Alec et G\u00e9rard Pelletier opened its doors, and from autumn onwards, the festival presented its concerts there on Fridays and Saturdays. This partnership lasted until 2020, when the pandemic forced the closure of the concert halls.<\/p>\n<p>In 2008, the festival officially became a non-profit organization dedicated to the development of jazz in the region. This made it possible to apply for grants and sponsorships from Heritage Canada, the Brome-Missisquoi MRC, the Town of Sutton and other local companies. Thanks to these new sources of funding, the festival will increasingly invite leading figures from the Montreal jazz scene.<\/p>\n<p>Gradually, concerts will be presented in the street, notably with the Homebrew Dixieland Band. In its tenth year, restaurant concerts will be added.<\/p>\n<p>In 2020, due to the pandemic, the festival moves outdoors. And following the government directive to authorize outdoor gatherings of 250 people or less, the festival pulls out all the stops to organize, on three weeks&#8217; notice, a nineteenth season in John-Sleeth Park. This new formula was an unhoped-for success from the very first concert, attracting over 1,500 music lovers over the course of the season.<\/p>\n<p>During the festivities surrounding its 20th anniversary in 2021, a new feature is introduced: jazz workshops for young people. With the same sanitary conditions, the festival&#8217;s program of 20 free open-air concerts attracts many music lovers every Saturday.<\/p>\n<p>To date, over 150 concerts have featured jazz musicians from Quebec and more specifically from the Sutton region, including : Roberto Murray, Dave Turner, R\u00e9mi Bolduc, Alex C\u00f4t\u00e9, Jean Derome, Mathieu B\u00e9langer on saxophone. On trumpet: Kevin Dean, Marc Bolduc, Ron Di Lauro, Aron Doyle, Jacques Kuba S\u00e9guin. On marimba and vibraphone: Jean Vanasse and Kevin Sullivan. Singers: Vivienne Deane, Ranee Lee, Karen Young, Dawn Tyler Watson and Almut Ellinghaus. Bassists: Fr\u00e9d\u00e9ric Alarie, Normand Guilbeault, Michel Donato and Alex Bellegarde. Several pianists including : Taurey Butler, Lorraine Desmarais, Marianne Trudel, Felix St\u00fcssi, Fran\u00e7ois Bourassa, Michel Pilc and Yves L\u00e9veill\u00e9. On guitar: Sylvain Provost, Claude Prud&#8217;homme, Nelson Symonds. And finally, several ensembles, including : Jazz Lab, Trio LML, Christine Tassan&#8217;s Imposte<\/p>\n<h2>\n\t\tBoard of directors\n\t<\/h2>\n\t<ul>\n<li>Stanley Lake, artistic director and founder<\/li>\n<li>Daniel Dufresne, President<\/li>\n<li>VACANT, administrator and treasurer<\/li>\n<li>Manon Champagne, administrator and communications<\/li>\n<li>Marie Neige Chatelain, administrator<\/li>\n<li>Marc Raboy, administrator<\/li>\n<li>Lucie Rodrigue, administrator and project manager<\/li>\n<li>Michel Dufresne, administrator and secretary<\/li>\n<li>Yassine Khasbi, administrator<\/li>\n<\/ul>\n\n","protected":false},"excerpt":{"rendered":"<p>Sutton Jazz Festival President&#8217;s Word Founded by a group of jazz\u00a0enthusiasts in 2001, the Sutton Jazz Festival has welcomed, for 22 years, great names in jazz: Ranee Lee, Karen Young,&hellip;<\/p>\n","protected":false},"author":2,"featured_media":0,"parent":0,"menu_order":10,"comment_status":"closed","ping_status":"closed","template":"","meta":{"footnotes":""},"class_list":["post-1774","page","type-page","status-publish","hentry"],"yoast_head":"<!-- This site is optimized with the Yoast SEO plugin v27.4 - https:\/\/yoast.com\/product\/yoast-seo-wordpress\/ -->\n<title>About - Sutton Jazz<\/title>\n<meta name=\"robots\" content=\"index, follow, max-snippet:-1, max-image-preview:large, max-video-preview:-1\" \/>\n<link rel=\"canonical\" href=\"https:\/\/suttonjazz.com\/en\/about\/\" \/>\n<meta property=\"og:locale\" content=\"en_US\" \/>\n<meta property=\"og:type\" content=\"article\" \/>\n<meta property=\"og:title\" content=\"About - Sutton Jazz\" \/>\n<meta property=\"og:description\" content=\"Sutton Jazz Festival President&#8217;s Word Founded by a group of jazz\u00a0enthusiasts in 2001, the Sutton Jazz Festival has welcomed, for 22 years, great names in jazz: Ranee Lee, Karen Young,&hellip;\" \/>\n<meta property=\"og:url\" content=\"https:\/\/suttonjazz.com\/en\/about\/\" \/>\n<meta property=\"og:site_name\" content=\"Sutton Jazz\" \/>\n<meta property=\"article:publisher\" content=\"https:\/\/www.facebook.com\/suttonjazz\/\" \/>\n<meta property=\"article:modified_time\" content=\"2024-04-25T16:46:15+00:00\" \/>\n<meta name=\"twitter:card\" content=\"summary_large_image\" \/>\n<meta name=\"twitter:label1\" content=\"Est. reading time\" \/>\n\t<meta name=\"twitter:data1\" content=\"4 minutes\" \/>\n<script type=\"application\/ld+json\" class=\"yoast-schema-graph\">{\"@context\":\"https:\\\/\\\/schema.org\",\"@graph\":[{\"@type\":\"WebPage\",\"@id\":\"https:\\\/\\\/suttonjazz.com\\\/en\\\/about\\\/\",\"url\":\"https:\\\/\\\/suttonjazz.com\\\/en\\\/about\\\/\",\"name\":\"About - Sutton Jazz\",\"isPartOf\":{\"@id\":\"https:\\\/\\\/suttonjazz.com\\\/en\\\/#website\"},\"datePublished\":\"2020-06-10T18:12:25+00:00\",\"dateModified\":\"2024-04-25T16:46:15+00:00\",\"breadcrumb\":{\"@id\":\"https:\\\/\\\/suttonjazz.com\\\/en\\\/about\\\/#breadcrumb\"},\"inLanguage\":\"en-US\",\"potentialAction\":[{\"@type\":\"ReadAction\",\"target\":[\"https:\\\/\\\/suttonjazz.com\\\/en\\\/about\\\/\"]}]},{\"@type\":\"BreadcrumbList\",\"@id\":\"https:\\\/\\\/suttonjazz.com\\\/en\\\/about\\\/#breadcrumb\",\"itemListElement\":[{\"@type\":\"ListItem\",\"position\":1,\"name\":\"Accueil\",\"item\":\"https:\\\/\\\/suttonjazz.com\\\/en\\\/\"},{\"@type\":\"ListItem\",\"position\":2,\"name\":\"About\"}]},{\"@type\":\"WebSite\",\"@id\":\"https:\\\/\\\/suttonjazz.com\\\/en\\\/#website\",\"url\":\"https:\\\/\\\/suttonjazz.com\\\/en\\\/\",\"name\":\"Sutton Jazz\",\"description\":\"Le plaisir de jazzer avec vous!\",\"publisher\":{\"@id\":\"https:\\\/\\\/suttonjazz.com\\\/en\\\/#organization\"},\"potentialAction\":[{\"@type\":\"SearchAction\",\"target\":{\"@type\":\"EntryPoint\",\"urlTemplate\":\"https:\\\/\\\/suttonjazz.com\\\/en\\\/?s={search_term_string}\"},\"query-input\":{\"@type\":\"PropertyValueSpecification\",\"valueRequired\":true,\"valueName\":\"search_term_string\"}}],\"inLanguage\":\"en-US\"},{\"@type\":\"Organization\",\"@id\":\"https:\\\/\\\/suttonjazz.com\\\/en\\\/#organization\",\"name\":\"Festival de Jazz de Sutton\",\"url\":\"https:\\\/\\\/suttonjazz.com\\\/en\\\/\",\"logo\":{\"@type\":\"ImageObject\",\"inLanguage\":\"en-US\",\"@id\":\"https:\\\/\\\/suttonjazz.com\\\/en\\\/#\\\/schema\\\/logo\\\/image\\\/\",\"url\":\"https:\\\/\\\/suttonjazz.com\\\/wp-content\\\/uploads\\\/2022\\\/06\\\/V4-MaestroTimes-16x9-tour.jpg\",\"contentUrl\":\"https:\\\/\\\/suttonjazz.com\\\/wp-content\\\/uploads\\\/2022\\\/06\\\/V4-MaestroTimes-16x9-tour.jpg\",\"width\":1600,\"height\":900,\"caption\":\"Festival de Jazz de Sutton\"},\"image\":{\"@id\":\"https:\\\/\\\/suttonjazz.com\\\/en\\\/#\\\/schema\\\/logo\\\/image\\\/\"},\"sameAs\":[\"https:\\\/\\\/www.facebook.com\\\/suttonjazz\\\/\"]}]}<\/script>\n<!-- \/ Yoast SEO plugin. -->","yoast_head_json":{"title":"About - Sutton Jazz","robots":{"index":"index","follow":"follow","max-snippet":"max-snippet:-1","max-image-preview":"max-image-preview:large","max-video-preview":"max-video-preview:-1"},"canonical":"https:\/\/suttonjazz.com\/en\/about\/","og_locale":"en_US","og_type":"article","og_title":"About - Sutton Jazz","og_description":"Sutton Jazz Festival President&#8217;s Word Founded by a group of jazz\u00a0enthusiasts in 2001, the Sutton Jazz Festival has welcomed, for 22 years, great names in jazz: Ranee Lee, Karen Young,&hellip;","og_url":"https:\/\/suttonjazz.com\/en\/about\/","og_site_name":"Sutton Jazz","article_publisher":"https:\/\/www.facebook.com\/suttonjazz\/","article_modified_time":"2024-04-25T16:46:15+00:00","twitter_card":"summary_large_image","twitter_misc":{"Est. reading time":"4 minutes"},"schema":{"@context":"https:\/\/schema.org","@graph":[{"@type":"WebPage","@id":"https:\/\/suttonjazz.com\/en\/about\/","url":"https:\/\/suttonjazz.com\/en\/about\/","name":"About - Sutton Jazz","isPartOf":{"@id":"https:\/\/suttonjazz.com\/en\/#website"},"datePublished":"2020-06-10T18:12:25+00:00","dateModified":"2024-04-25T16:46:15+00:00","breadcrumb":{"@id":"https:\/\/suttonjazz.com\/en\/about\/#breadcrumb"},"inLanguage":"en-US","potentialAction":[{"@type":"ReadAction","target":["https:\/\/suttonjazz.com\/en\/about\/"]}]},{"@type":"BreadcrumbList","@id":"https:\/\/suttonjazz.com\/en\/about\/#breadcrumb","itemListElement":[{"@type":"ListItem","position":1,"name":"Accueil","item":"https:\/\/suttonjazz.com\/en\/"},{"@type":"ListItem","position":2,"name":"About"}]},{"@type":"WebSite","@id":"https:\/\/suttonjazz.com\/en\/#website","url":"https:\/\/suttonjazz.com\/en\/","name":"Sutton Jazz","description":"Le plaisir de jazzer avec vous!","publisher":{"@id":"https:\/\/suttonjazz.com\/en\/#organization"},"potentialAction":[{"@type":"SearchAction","target":{"@type":"EntryPoint","urlTemplate":"https:\/\/suttonjazz.com\/en\/?s={search_term_string}"},"query-input":{"@type":"PropertyValueSpecification","valueRequired":true,"valueName":"search_term_string"}}],"inLanguage":"en-US"},{"@type":"Organization","@id":"https:\/\/suttonjazz.com\/en\/#organization","name":"Festival de Jazz de Sutton","url":"https:\/\/suttonjazz.com\/en\/","logo":{"@type":"ImageObject","inLanguage":"en-US","@id":"https:\/\/suttonjazz.com\/en\/#\/schema\/logo\/image\/","url":"https:\/\/suttonjazz.com\/wp-content\/uploads\/2022\/06\/V4-MaestroTimes-16x9-tour.jpg","contentUrl":"https:\/\/suttonjazz.com\/wp-content\/uploads\/2022\/06\/V4-MaestroTimes-16x9-tour.jpg","width":1600,"height":900,"caption":"Festival de Jazz de Sutton"},"image":{"@id":"https:\/\/suttonjazz.com\/en\/#\/schema\/logo\/image\/"},"sameAs":["https:\/\/www.facebook.com\/suttonjazz\/"]}]}},"_links":{"self":[{"href":"https:\/\/suttonjazz.com\/en\/wp-json\/wp\/v2\/pages\/1774","targetHints":{"allow":["GET"]}}],"collection":[{"href":"https:\/\/suttonjazz.com\/en\/wp-json\/wp\/v2\/pages"}],"about":[{"href":"https:\/\/suttonjazz.com\/en\/wp-json\/wp\/v2\/types\/page"}],"author":[{"embeddable":true,"href":"https:\/\/suttonjazz.com\/en\/wp-json\/wp\/v2\/users\/2"}],"replies":[{"embeddable":true,"href":"https:\/\/suttonjazz.com\/en\/wp-json\/wp\/v2\/comments?post=1774"}],"version-history":[{"count":0,"href":"https:\/\/suttonjazz.com\/en\/wp-json\/wp\/v2\/pages\/1774\/revisions"}],"wp:attachment":[{"href":"https:\/\/suttonjazz.com\/en\/wp-json\/wp\/v2\/media?parent=1774"}],"curies":[{"name":"wp","href":"https:\/\/api.w.org\/{rel}","templated":true}]}}