{"id":5688,"date":"2026-02-26T11:15:52","date_gmt":"2026-02-26T16:15:52","guid":{"rendered":"https:\/\/suttonjazz.com\/local-bands\/"},"modified":"2026-03-10T11:01:56","modified_gmt":"2026-03-10T15:01:56","slug":"local-bands","status":"publish","type":"page","link":"https:\/\/suttonjazz.com\/en\/local-bands\/","title":{"rendered":"Local Bands"},"content":{"rendered":"","protected":false},"excerpt":{"rendered":"","protected":false},"author":11,"featured_media":0,"parent":0,"menu_order":10,"comment_status":"closed","ping_status":"closed","template":"","meta":{"footnotes":""},"class_list":["post-5688","page","type-page","status-publish","hentry"],"yoast_head":"<!-- This site is optimized with the Yoast SEO plugin v27.3 - https:\/\/yoast.com\/product\/yoast-seo-wordpress\/ -->\n<title>Local Bands - Sutton Jazz<\/title>\n<meta name=\"description\" content=\"Cette ann\u00e9e le Sutton Jazz pr\u00e9sente une mini-s\u00e9rie de concerts gratuits dans le parc du Centre John-Sleeth (7, rue Academy,) situ\u00e9 au c\u0153ur de la ville de Sutton. - Sept concerts r\u00e9partis sur sept samedis du 15 ao\u00fbt au 26 septembre 2020. En cas de mauvais temps, ils seront remis au lendemain. Consultez la programmation pour tous les d\u00e9tails. https:\/\/suttonjazz.com\/programmation\" \/>\n<meta name=\"robots\" content=\"index, follow, max-snippet:-1, max-image-preview:large, max-video-preview:-1\" \/>\n<link rel=\"canonical\" href=\"https:\/\/suttonjazz.com\/en\/local-bands\/\" \/>\n<meta property=\"og:locale\" content=\"en_US\" \/>\n<meta property=\"og:type\" content=\"article\" \/>\n<meta property=\"og:title\" content=\"Local Bands - Sutton Jazz\" \/>\n<meta property=\"og:description\" content=\"Cette ann\u00e9e le Sutton Jazz pr\u00e9sente une mini-s\u00e9rie de concerts gratuits dans le parc du Centre John-Sleeth (7, rue Academy,) situ\u00e9 au c\u0153ur de la ville de Sutton. - Sept concerts r\u00e9partis sur sept samedis du 15 ao\u00fbt au 26 septembre 2020. En cas de mauvais temps, ils seront remis au lendemain. Consultez la programmation pour tous les d\u00e9tails. https:\/\/suttonjazz.com\/programmation\" \/>\n<meta property=\"og:url\" content=\"https:\/\/suttonjazz.com\/en\/local-bands\/\" \/>\n<meta property=\"og:site_name\" content=\"Sutton Jazz\" \/>\n<meta property=\"article:publisher\" content=\"https:\/\/www.facebook.com\/suttonjazz\/\" \/>\n<meta property=\"article:modified_time\" content=\"2026-03-10T15:01:56+00:00\" \/>\n<meta name=\"twitter:card\" content=\"summary_large_image\" \/>\n<script type=\"application\/ld+json\" class=\"yoast-schema-graph\">{\"@context\":\"https:\\\/\\\/schema.org\",\"@graph\":[{\"@type\":\"WebPage\",\"@id\":\"https:\\\/\\\/suttonjazz.com\\\/en\\\/local-bands\\\/\",\"url\":\"https:\\\/\\\/suttonjazz.com\\\/en\\\/local-bands\\\/\",\"name\":\"Local Bands - Sutton Jazz\",\"isPartOf\":{\"@id\":\"https:\\\/\\\/suttonjazz.com\\\/en\\\/#website\"},\"datePublished\":\"2026-02-26T16:15:52+00:00\",\"dateModified\":\"2026-03-10T15:01:56+00:00\",\"description\":\"Cette ann\u00e9e le Sutton Jazz pr\u00e9sente une mini-s\u00e9rie de concerts gratuits dans le parc du Centre John-Sleeth (7, rue Academy,) situ\u00e9 au c\u0153ur de la ville de Sutton. - Sept concerts r\u00e9partis sur sept samedis du 15 ao\u00fbt au 26 septembre 2020. En cas de mauvais temps, ils seront remis au lendemain. Consultez la programmation pour tous les d\u00e9tails. https:\\\/\\\/suttonjazz.com\\\/programmation\",\"breadcrumb\":{\"@id\":\"https:\\\/\\\/suttonjazz.com\\\/en\\\/local-bands\\\/#breadcrumb\"},\"inLanguage\":\"en-US\",\"potentialAction\":[{\"@type\":\"ReadAction\",\"target\":[\"https:\\\/\\\/suttonjazz.com\\\/en\\\/local-bands\\\/\"]}]},{\"@type\":\"BreadcrumbList\",\"@id\":\"https:\\\/\\\/suttonjazz.com\\\/en\\\/local-bands\\\/#breadcrumb\",\"itemListElement\":[{\"@type\":\"ListItem\",\"position\":1,\"name\":\"Accueil\",\"item\":\"https:\\\/\\\/suttonjazz.com\\\/en\\\/\"},{\"@type\":\"ListItem\",\"position\":2,\"name\":\"Local Bands\"}]},{\"@type\":\"WebSite\",\"@id\":\"https:\\\/\\\/suttonjazz.com\\\/en\\\/#website\",\"url\":\"https:\\\/\\\/suttonjazz.com\\\/en\\\/\",\"name\":\"Sutton Jazz\",\"description\":\"Le plaisir de jazzer avec vous!\",\"publisher\":{\"@id\":\"https:\\\/\\\/suttonjazz.com\\\/en\\\/#organization\"},\"potentialAction\":[{\"@type\":\"SearchAction\",\"target\":{\"@type\":\"EntryPoint\",\"urlTemplate\":\"https:\\\/\\\/suttonjazz.com\\\/en\\\/?s={search_term_string}\"},\"query-input\":{\"@type\":\"PropertyValueSpecification\",\"valueRequired\":true,\"valueName\":\"search_term_string\"}}],\"inLanguage\":\"en-US\"},{\"@type\":\"Organization\",\"@id\":\"https:\\\/\\\/suttonjazz.com\\\/en\\\/#organization\",\"name\":\"Festival de Jazz de Sutton\",\"url\":\"https:\\\/\\\/suttonjazz.com\\\/en\\\/\",\"logo\":{\"@type\":\"ImageObject\",\"inLanguage\":\"en-US\",\"@id\":\"https:\\\/\\\/suttonjazz.com\\\/en\\\/#\\\/schema\\\/logo\\\/image\\\/\",\"url\":\"https:\\\/\\\/suttonjazz.com\\\/wp-content\\\/uploads\\\/2022\\\/06\\\/V4-MaestroTimes-16x9-tour.jpg\",\"contentUrl\":\"https:\\\/\\\/suttonjazz.com\\\/wp-content\\\/uploads\\\/2022\\\/06\\\/V4-MaestroTimes-16x9-tour.jpg\",\"width\":1600,\"height\":900,\"caption\":\"Festival de Jazz de Sutton\"},\"image\":{\"@id\":\"https:\\\/\\\/suttonjazz.com\\\/en\\\/#\\\/schema\\\/logo\\\/image\\\/\"},\"sameAs\":[\"https:\\\/\\\/www.facebook.com\\\/suttonjazz\\\/\"]}]}<\/script>\n<!-- \/ Yoast SEO plugin. -->","yoast_head_json":{"title":"Local Bands - Sutton Jazz","description":"Cette ann\u00e9e le Sutton Jazz pr\u00e9sente une mini-s\u00e9rie de concerts gratuits dans le parc du Centre John-Sleeth (7, rue Academy,) situ\u00e9 au c\u0153ur de la ville de Sutton. - Sept concerts r\u00e9partis sur sept samedis du 15 ao\u00fbt au 26 septembre 2020. En cas de mauvais temps, ils seront remis au lendemain. Consultez la programmation pour tous les d\u00e9tails. https:\/\/suttonjazz.com\/programmation","robots":{"index":"index","follow":"follow","max-snippet":"max-snippet:-1","max-image-preview":"max-image-preview:large","max-video-preview":"max-video-preview:-1"},"canonical":"https:\/\/suttonjazz.com\/en\/local-bands\/","og_locale":"en_US","og_type":"article","og_title":"Local Bands - Sutton Jazz","og_description":"Cette ann\u00e9e le Sutton Jazz pr\u00e9sente une mini-s\u00e9rie de concerts gratuits dans le parc du Centre John-Sleeth (7, rue Academy,) situ\u00e9 au c\u0153ur de la ville de Sutton. - Sept concerts r\u00e9partis sur sept samedis du 15 ao\u00fbt au 26 septembre 2020. En cas de mauvais temps, ils seront remis au lendemain. Consultez la programmation pour tous les d\u00e9tails. https:\/\/suttonjazz.com\/programmation","og_url":"https:\/\/suttonjazz.com\/en\/local-bands\/","og_site_name":"Sutton Jazz","article_publisher":"https:\/\/www.facebook.com\/suttonjazz\/","article_modified_time":"2026-03-10T15:01:56+00:00","twitter_card":"summary_large_image","schema":{"@context":"https:\/\/schema.org","@graph":[{"@type":"WebPage","@id":"https:\/\/suttonjazz.com\/en\/local-bands\/","url":"https:\/\/suttonjazz.com\/en\/local-bands\/","name":"Local Bands - Sutton Jazz","isPartOf":{"@id":"https:\/\/suttonjazz.com\/en\/#website"},"datePublished":"2026-02-26T16:15:52+00:00","dateModified":"2026-03-10T15:01:56+00:00","description":"Cette ann\u00e9e le Sutton Jazz pr\u00e9sente une mini-s\u00e9rie de concerts gratuits dans le parc du Centre John-Sleeth (7, rue Academy,) situ\u00e9 au c\u0153ur de la ville de Sutton. - Sept concerts r\u00e9partis sur sept samedis du 15 ao\u00fbt au 26 septembre 2020. En cas de mauvais temps, ils seront remis au lendemain. Consultez la programmation pour tous les d\u00e9tails. https:\/\/suttonjazz.com\/programmation","breadcrumb":{"@id":"https:\/\/suttonjazz.com\/en\/local-bands\/#breadcrumb"},"inLanguage":"en-US","potentialAction":[{"@type":"ReadAction","target":["https:\/\/suttonjazz.com\/en\/local-bands\/"]}]},{"@type":"BreadcrumbList","@id":"https:\/\/suttonjazz.com\/en\/local-bands\/#breadcrumb","itemListElement":[{"@type":"ListItem","position":1,"name":"Accueil","item":"https:\/\/suttonjazz.com\/en\/"},{"@type":"ListItem","position":2,"name":"Local Bands"}]},{"@type":"WebSite","@id":"https:\/\/suttonjazz.com\/en\/#website","url":"https:\/\/suttonjazz.com\/en\/","name":"Sutton Jazz","description":"Le plaisir de jazzer avec vous!","publisher":{"@id":"https:\/\/suttonjazz.com\/en\/#organization"},"potentialAction":[{"@type":"SearchAction","target":{"@type":"EntryPoint","urlTemplate":"https:\/\/suttonjazz.com\/en\/?s={search_term_string}"},"query-input":{"@type":"PropertyValueSpecification","valueRequired":true,"valueName":"search_term_string"}}],"inLanguage":"en-US"},{"@type":"Organization","@id":"https:\/\/suttonjazz.com\/en\/#organization","name":"Festival de Jazz de Sutton","url":"https:\/\/suttonjazz.com\/en\/","logo":{"@type":"ImageObject","inLanguage":"en-US","@id":"https:\/\/suttonjazz.com\/en\/#\/schema\/logo\/image\/","url":"https:\/\/suttonjazz.com\/wp-content\/uploads\/2022\/06\/V4-MaestroTimes-16x9-tour.jpg","contentUrl":"https:\/\/suttonjazz.com\/wp-content\/uploads\/2022\/06\/V4-MaestroTimes-16x9-tour.jpg","width":1600,"height":900,"caption":"Festival de Jazz de Sutton"},"image":{"@id":"https:\/\/suttonjazz.com\/en\/#\/schema\/logo\/image\/"},"sameAs":["https:\/\/www.facebook.com\/suttonjazz\/"]}]}},"_links":{"self":[{"href":"https:\/\/suttonjazz.com\/en\/wp-json\/wp\/v2\/pages\/5688","targetHints":{"allow":["GET"]}}],"collection":[{"href":"https:\/\/suttonjazz.com\/en\/wp-json\/wp\/v2\/pages"}],"about":[{"href":"https:\/\/suttonjazz.com\/en\/wp-json\/wp\/v2\/types\/page"}],"author":[{"embeddable":true,"href":"https:\/\/suttonjazz.com\/en\/wp-json\/wp\/v2\/users\/11"}],"replies":[{"embeddable":true,"href":"https:\/\/suttonjazz.com\/en\/wp-json\/wp\/v2\/comments?post=5688"}],"version-history":[{"count":1,"href":"https:\/\/suttonjazz.com\/en\/wp-json\/wp\/v2\/pages\/5688\/revisions"}],"predecessor-version":[{"id":5702,"href":"https:\/\/suttonjazz.com\/en\/wp-json\/wp\/v2\/pages\/5688\/revisions\/5702"}],"wp:attachment":[{"href":"https:\/\/suttonjazz.com\/en\/wp-json\/wp\/v2\/media?parent=5688"}],"curies":[{"name":"wp","href":"https:\/\/api.w.org\/{rel}","templated":true}]}}